{"id":82,"date":"2023-04-17T14:22:57","date_gmt":"2023-04-17T12:22:57","guid":{"rendered":"https:\/\/krissi-bencker.com\/kontakt\/"},"modified":"2023-12-06T09:53:08","modified_gmt":"2023-12-06T08:53:08","slug":"contact","status":"publish","type":"page","link":"https:\/\/krissi-bencker.com\/en\/kontakt\/","title":{"rendered":"Contact us"},"content":{"rendered":"\t\t<div data-elementor-type=\"wp-page\" data-elementor-id=\"82\" class=\"elementor elementor-82\" data-elementor-post-type=\"page\">\n\t\t\t\t\t\t<section class=\"elementor-section elementor-top-section elementor-element elementor-element-39f37f29 elementor-section-full_width elementor-section-content-top elementor-section-height-default elementor-section-height-default\" data-id=\"39f37f29\" data-element_type=\"section\" data-e-type=\"section\" data-settings=\"{&quot;background_background&quot;:&quot;classic&quot;}\">\n\t\t\t\t\t\t<div class=\"elementor-container elementor-column-gap-no\">\n\t\t\t\t\t<div class=\"elementor-column elementor-col-100 elementor-top-column elementor-element elementor-element-3e618247\" data-id=\"3e618247\" data-element_type=\"column\" data-e-type=\"column\">\n\t\t\t<div class=\"elementor-widget-wrap elementor-element-populated\">\n\t\t\t\t\t\t<div class=\"elementor-element elementor-element-51530f7 elementor-invisible elementor-widget elementor-widget-heading\" data-id=\"51530f7\" data-element_type=\"widget\" data-e-type=\"widget\" data-settings=\"{&quot;_animation&quot;:&quot;fadeIn&quot;}\" data-widget_type=\"heading.default\">\n\t\t\t\t<div class=\"elementor-widget-container\">\n\t\t\t\t\t<h1 class=\"elementor-heading-title elementor-size-default\">Beratungsgespr\u00e4ch vereinbaren<\/h1>\t\t\t\t<\/div>\n\t\t\t\t<\/div>\n\t\t\t\t<section class=\"elementor-section elementor-inner-section elementor-element elementor-element-7153f332 elementor-section-content-middle elementor-section-boxed elementor-section-height-default elementor-section-height-default\" data-id=\"7153f332\" data-element_type=\"section\" data-e-type=\"section\">\n\t\t\t\t\t\t<div class=\"elementor-container elementor-column-gap-default\">\n\t\t\t\t\t<div class=\"elementor-column elementor-col-100 elementor-inner-column elementor-element elementor-element-64a70542\" data-id=\"64a70542\" data-element_type=\"column\" data-e-type=\"column\">\n\t\t\t<div class=\"elementor-widget-wrap elementor-element-populated\">\n\t\t\t\t\t\t<div class=\"elementor-element elementor-element-5caac127 elementor-widget elementor-widget-text-editor\" data-id=\"5caac127\" data-element_type=\"widget\" data-e-type=\"widget\" data-widget_type=\"text-editor.default\">\n\t\t\t\t<div class=\"elementor-widget-container\">\n\t\t\t\t\t\t\t\t\t<p>\u00a0<\/p><p style=\"text-align: center;\"><span style=\"font-size: 16px;\">Als Hochzeitsplanerin bin ich darauf spezialisiert, die Visionen und W\u00fcnsche meiner Kunden zu verwirklichen. Egal, ob du bereits klare Vorstellungen hast oder noch Inspiration ben\u00f6tigst, ich werde auf deine individuellen Bed\u00fcrfnisse eingehen und eine ma\u00dfgeschneiderte Planung f\u00fcr dich erstellen.<\/span><\/p><p style=\"text-align: center;\">Du kannst mich telefonisch, per E-Mail oder \u00fcber das Kontaktformular erreichen.<\/p><p style=\"text-align: center;\">W\u00e4hrend unseres pers\u00f6nlichen Gespr\u00e4chs werde ich dir gerne meine Leistungen im Detail erkl\u00e4ren und wir k\u00f6nnen gemeinsam \u00fcber deine Anforderungen, den\u00a0<a style=\"text-decoration: var( --e-global-typography-text-text-decoration );\" href=\"https:\/\/krissi-bencker.com\/www-krissi-bencker-com-teilplanung\/\" target=\"_blank\" rel=\"noopener\">Umfang der Planung<\/a>\u00a0und das Budget sprechen. Es ist mir wichtig, dass du dich bei mir gut aufgehoben f\u00fchlst und dass wir eine vertrauensvolle Zusammenarbeit aufbauen.<\/p><p style=\"text-align: center;\">Ich bin f\u00fcr dich da, um dir w\u00e4hrend des<a style=\"text-decoration: var( --e-global-typography-text-text-decoration );\" href=\"https:\/\/krissi-bencker.com\/www-krissi-bencker-com-komplettplanung\/\" target=\"_blank\" rel=\"noopener\">\u00a0gesamten Planungsprozesses<\/a>\u00a0zur Seite zu stehen. Von der Suche nach der perfekten\u00a0<a style=\"text-decoration: var( --e-global-typography-text-text-decoration );\" href=\"https:\/\/krissi-bencker.com\/www-krissi-bencker-com-locationrecherche\/\" target=\"_blank\" rel=\"noopener\">Location\u00a0<\/a>\u00fcber die Auswahl der Dienstleister bis hin zur Koordination am Hochzeitstag &#8211; ich werde alles daf\u00fcr tun, dass deine Hochzeit reibungslos verl\u00e4uft und du dich\u00a0<a style=\"text-decoration: var( --e-global-typography-text-text-decoration );\" href=\"https:\/\/krissi-bencker.com\/www-krissi-bencker-com-weddingdaymanagerin\/\" target=\"_blank\" rel=\"noopener\">entspannt zur\u00fccklehnen<\/a>\u00a0kannst.<\/p><p style=\"text-align: center;\">Deine Hochzeit soll ein einzigartiges und unvergessliches Erlebnis sein. Kontaktiere mich noch heute, um den ersten Schritt zu deiner Traumhochzeit zu machen. Lass uns gemeinsam deine Visionen Wirklichkeit werden lassen und einen wundervollen Tag voller Liebe und Gl\u00fcck gestalten.<\/p><p style=\"text-align: center;\">Ich freue mich darauf, von dir zu h\u00f6ren und dich kennenzulernen!<\/p><p style=\"text-align: center;\">Herzliche Gr\u00fc\u00dfe,<\/p><p style=\"text-align: center;\">Krissi Bencker<\/p>\t\t\t\t\t\t\t\t<\/div>\n\t\t\t\t<\/div>\n\t\t\t\t<div class=\"elementor-element elementor-element-6bf64592 elementor-button-align-center elementor-widget elementor-widget-form\" data-id=\"6bf64592\" data-element_type=\"widget\" data-e-type=\"widget\" data-settings=\"{&quot;step_next_label&quot;:&quot;Next&quot;,&quot;step_previous_label&quot;:&quot;Previous&quot;,&quot;button_width&quot;:&quot;100&quot;,&quot;step_type&quot;:&quot;number_text&quot;,&quot;step_icon_shape&quot;:&quot;circle&quot;}\" data-widget_type=\"form.default\">\n\t\t\t\t<div class=\"elementor-widget-container\">\n\t\t\t\t\t\t\t<form class=\"elementor-form\" method=\"post\" name=\"Kontaktformular\" aria-label=\"Kontaktformular\">\n\t\t\t<input type=\"hidden\" name=\"post_id\" value=\"82\"\/>\n\t\t\t<input type=\"hidden\" name=\"form_id\" value=\"6bf64592\"\/>\n\t\t\t<input type=\"hidden\" name=\"referer_title\" value=\"Kontakt - Krissi Bencker Wedding Planning\" \/>\n\n\t\t\t\t\t\t\t<input type=\"hidden\" name=\"queried_id\" value=\"82\"\/>\n\t\t\t\n\t\t\t<div class=\"elementor-form-fields-wrapper elementor-labels-above\">\n\t\t\t\t\t\t\t\t<div class=\"elementor-field-type-text elementor-field-group elementor-column elementor-field-group-name elementor-col-100\">\n\t\t\t\t\t\t\t\t\t\t\t\t\t<input size=\"1\" type=\"text\" name=\"form_fields[name]\" id=\"form-field-name\" class=\"elementor-field elementor-size-sm  elementor-field-textual\" placeholder=\"Name\">\n\t\t\t\t\t\t\t\t\t\t\t<\/div>\n\t\t\t\t\t\t\t\t<div class=\"elementor-field-type-email elementor-field-group elementor-column elementor-field-group-email elementor-col-100 elementor-field-required\">\n\t\t\t\t\t\t\t\t\t\t\t\t\t<input size=\"1\" type=\"email\" name=\"form_fields[email]\" id=\"form-field-email\" class=\"elementor-field elementor-size-sm  elementor-field-textual\" placeholder=\"E-Mail Adresse\" required=\"required\">\n\t\t\t\t\t\t\t\t\t\t\t<\/div>\n\t\t\t\t\t\t\t\t<div class=\"elementor-field-type-tel elementor-field-group elementor-column elementor-field-group-field_7618bac elementor-col-100 elementor-field-required\">\n\t\t\t\t\t\t\t<input size=\"1\" type=\"tel\" name=\"form_fields[field_7618bac]\" id=\"form-field-field_7618bac\" class=\"elementor-field elementor-size-sm  elementor-field-textual\" placeholder=\"Telefonnummer\" required=\"required\" pattern=\"[0-9()#&amp;+*-=.]+\" title=\"Only numbers and phone characters (#, -, *, etc) are accepted.\">\n\n\t\t\t\t\t\t<\/div>\n\t\t\t\t\t\t\t\t<div class=\"elementor-field-type-textarea elementor-field-group elementor-column elementor-field-group-message elementor-col-100\">\n\t\t\t\t\t<textarea class=\"elementor-field-textual elementor-field  elementor-size-sm\" name=\"form_fields[message]\" id=\"form-field-message\" rows=\"4\" placeholder=\"Eure Nachricht (optional)\"><\/textarea>\t\t\t\t<\/div>\n\t\t\t\t\t\t\t\t<div class=\"elementor-field-group elementor-column elementor-field-type-submit elementor-col-100 e-form__buttons\">\n\t\t\t\t\t<button class=\"elementor-button elementor-size-sm\" type=\"submit\">\n\t\t\t\t\t\t<span class=\"elementor-button-content-wrapper\">\n\t\t\t\t\t\t\t\t\t\t\t\t\t\t\t\t\t\t\t\t\t\t<span class=\"elementor-button-text\">Absenden<\/span>\n\t\t\t\t\t\t\t\t\t\t\t\t\t<\/span>\n\t\t\t\t\t<\/button>\n\t\t\t\t<\/div>\n\t\t\t<\/div>\n\t\t<\/form>\n\t\t\t\t\t\t<\/div>\n\t\t\t\t<\/div>\n\t\t\t\t\t<\/div>\n\t\t<\/div>\n\t\t\t\t\t<\/div>\n\t\t<\/section>\n\t\t\t\t\t<\/div>\n\t\t<\/div>\n\t\t\t\t\t<\/div>\n\t\t<\/section>\n\t\t\t\t<section class=\"elementor-section elementor-top-section elementor-element elementor-element-733a89a4 elementor-section-boxed elementor-section-height-default elementor-section-height-default\" data-id=\"733a89a4\" data-element_type=\"section\" data-e-type=\"section\" data-settings=\"{&quot;animation&quot;:&quot;none&quot;}\">\n\t\t\t\t\t\t<div class=\"elementor-container elementor-column-gap-no\">\n\t\t\t\t\t<div class=\"elementor-column elementor-col-100 elementor-top-column elementor-element elementor-element-26747a3f\" data-id=\"26747a3f\" data-element_type=\"column\" data-e-type=\"column\">\n\t\t\t<div class=\"elementor-widget-wrap elementor-element-populated\">\n\t\t\t\t\t\t<div class=\"elementor-element elementor-element-51aee7cd gallery-spacing-custom elementor-widget elementor-widget-image-gallery\" data-id=\"51aee7cd\" data-element_type=\"widget\" data-e-type=\"widget\" kontakt=\"\" data-widget_type=\"image-gallery.default\">\n\t\t\t\t<div class=\"elementor-widget-container\">\n\t\t\t\t\t\t\t<div class=\"elementor-image-gallery\">\n\t\t\t<div id='gallery-1' class='gallery galleryid-82 gallery-columns-3 gallery-size-full'><figure class='gallery-item'>\n\t\t\t<div class='gallery-icon portrait'>\n\t\t\t\t<a data-elementor-open-lightbox=\"yes\" data-elementor-lightbox-slideshow=\"51aee7cd\" data-elementor-lightbox-title=\"Kl\u00e4rungen\" data-e-action-hash=\"#elementor-action%3Aaction%3Dlightbox%26settings%3DeyJpZCI6NDgyLCJ1cmwiOiJodHRwczpcL1wva3Jpc3NpLWJlbmNrZXIuY29tXC93cC1jb250ZW50XC91cGxvYWRzXC8yMDIzXC8wNVwvS2xhZXJ1bmdlbi1zY2FsZWQuanBnIiwic2xpZGVzaG93IjoiNTFhZWU3Y2QifQ%3D%3D\" href='https:\/\/krissi-bencker.com\/wp-content\/uploads\/2023\/05\/Klaerungen-scaled.jpg'><img fetchpriority=\"high\" decoding=\"async\" width=\"1707\" height=\"2560\" src=\"https:\/\/krissi-bencker.com\/wp-content\/uploads\/2023\/05\/Klaerungen-scaled.jpg\" class=\"attachment-full size-full\" alt=\"\" srcset=\"https:\/\/krissi-bencker.com\/wp-content\/uploads\/2023\/05\/Klaerungen-scaled.jpg 1707w, https:\/\/krissi-bencker.com\/wp-content\/uploads\/2023\/05\/Klaerungen-200x300.jpg 200w, https:\/\/krissi-bencker.com\/wp-content\/uploads\/2023\/05\/Klaerungen-683x1024.jpg 683w, https:\/\/krissi-bencker.com\/wp-content\/uploads\/2023\/05\/Klaerungen-768x1152.jpg 768w, https:\/\/krissi-bencker.com\/wp-content\/uploads\/2023\/05\/Klaerungen-1024x1536.jpg 1024w, https:\/\/krissi-bencker.com\/wp-content\/uploads\/2023\/05\/Klaerungen-1365x2048.jpg 1365w\" sizes=\"(max-width: 1707px) 100vw, 1707px\" \/><\/a>\n\t\t\t<\/div><\/figure><figure class='gallery-item'>\n\t\t\t<div class='gallery-icon portrait'>\n\t\t\t\t<a data-elementor-open-lightbox=\"yes\" data-elementor-lightbox-slideshow=\"51aee7cd\" data-elementor-lightbox-title=\"Venedig_Styleshoot\" data-e-action-hash=\"#elementor-action%3Aaction%3Dlightbox%26settings%3DeyJpZCI6OTAxLCJ1cmwiOiJodHRwczpcL1wva3Jpc3NpLWJlbmNrZXIuY29tXC93cC1jb250ZW50XC91cGxvYWRzXC8yMDIzXC8wNlwvVmVuZWRpZ19TdHlsZXNob290LXNjYWxlZC5qcGciLCJzbGlkZXNob3ciOiI1MWFlZTdjZCJ9\" href='https:\/\/krissi-bencker.com\/wp-content\/uploads\/2023\/06\/Venedig_Styleshoot-scaled.jpg'><img decoding=\"async\" width=\"1707\" height=\"2560\" src=\"https:\/\/krissi-bencker.com\/wp-content\/uploads\/2023\/06\/Venedig_Styleshoot-scaled.jpg\" class=\"attachment-full size-full\" alt=\"\" srcset=\"https:\/\/krissi-bencker.com\/wp-content\/uploads\/2023\/06\/Venedig_Styleshoot-scaled.jpg 1707w, https:\/\/krissi-bencker.com\/wp-content\/uploads\/2023\/06\/Venedig_Styleshoot-200x300.jpg 200w, https:\/\/krissi-bencker.com\/wp-content\/uploads\/2023\/06\/Venedig_Styleshoot-683x1024.jpg 683w, https:\/\/krissi-bencker.com\/wp-content\/uploads\/2023\/06\/Venedig_Styleshoot-768x1152.jpg 768w, https:\/\/krissi-bencker.com\/wp-content\/uploads\/2023\/06\/Venedig_Styleshoot-1024x1536.jpg 1024w, https:\/\/krissi-bencker.com\/wp-content\/uploads\/2023\/06\/Venedig_Styleshoot-1365x2048.jpg 1365w\" sizes=\"(max-width: 1707px) 100vw, 1707px\" \/><\/a>\n\t\t\t<\/div><\/figure><figure class='gallery-item'>\n\t\t\t<div class='gallery-icon portrait'>\n\t\t\t\t<a data-elementor-open-lightbox=\"yes\" data-elementor-lightbox-slideshow=\"51aee7cd\" data-elementor-lightbox-title=\"Braut_Gasse_Shooting\" data-e-action-hash=\"#elementor-action%3Aaction%3Dlightbox%26settings%3DeyJpZCI6ODg4LCJ1cmwiOiJodHRwczpcL1wva3Jpc3NpLWJlbmNrZXIuY29tXC93cC1jb250ZW50XC91cGxvYWRzXC8yMDIzXC8wNlwvQnJhdXRfR2Fzc2VfU2hvb3Rpbmctc2NhbGVkLmpwZyIsInNsaWRlc2hvdyI6IjUxYWVlN2NkIn0%3D\" href='https:\/\/krissi-bencker.com\/wp-content\/uploads\/2023\/06\/Braut_Gasse_Shooting-scaled.jpg'><img decoding=\"async\" width=\"1707\" height=\"2560\" src=\"https:\/\/krissi-bencker.com\/wp-content\/uploads\/2023\/06\/Braut_Gasse_Shooting-scaled.jpg\" class=\"attachment-full size-full\" alt=\"\" srcset=\"https:\/\/krissi-bencker.com\/wp-content\/uploads\/2023\/06\/Braut_Gasse_Shooting-scaled.jpg 1707w, https:\/\/krissi-bencker.com\/wp-content\/uploads\/2023\/06\/Braut_Gasse_Shooting-200x300.jpg 200w, https:\/\/krissi-bencker.com\/wp-content\/uploads\/2023\/06\/Braut_Gasse_Shooting-683x1024.jpg 683w, https:\/\/krissi-bencker.com\/wp-content\/uploads\/2023\/06\/Braut_Gasse_Shooting-768x1152.jpg 768w, https:\/\/krissi-bencker.com\/wp-content\/uploads\/2023\/06\/Braut_Gasse_Shooting-1024x1536.jpg 1024w, https:\/\/krissi-bencker.com\/wp-content\/uploads\/2023\/06\/Braut_Gasse_Shooting-1365x2048.jpg 1365w\" sizes=\"(max-width: 1707px) 100vw, 1707px\" \/><\/a>\n\t\t\t<\/div><\/figure>\n\t\t<\/div>\n\t\t<\/div>\n\t\t\t\t\t\t<\/div>\n\t\t\t\t<\/div>\n\t\t\t\t\t<\/div>\n\t\t<\/div>\n\t\t\t\t\t<\/div>\n\t\t<\/section>\n\t\t\t\t<section class=\"elementor-section elementor-top-section elementor-element elementor-element-74ce847 elementor-section-content-middle elementor-section-height-full elementor-section-boxed elementor-section-height-default elementor-section-items-middle\" data-id=\"74ce847\" data-element_type=\"section\" data-e-type=\"section\" data-settings=\"{&quot;shape_divider_top&quot;:&quot;curve&quot;}\">\n\t\t\t\t\t<div class=\"elementor-shape elementor-shape-top\" aria-hidden=\"true\" data-negative=\"false\">\n\t\t\t<svg xmlns=\"http:\/\/www.w3.org\/2000\/svg\" viewBox=\"0 0 1000 100\" preserveAspectRatio=\"none\">\n    <path class=\"elementor-shape-fill\" d=\"M1000,4.3V0H0v4.3C0.9,23.1,126.7,99.2,500,100S1000,22.7,1000,4.3z\"\/>\n<\/svg>\t\t<\/div>\n\t\t\t\t\t<div class=\"elementor-container elementor-column-gap-no\">\n\t\t\t\t\t<div class=\"elementor-column elementor-col-100 elementor-top-column elementor-element elementor-element-37206a50\" data-id=\"37206a50\" data-element_type=\"column\" data-e-type=\"column\">\n\t\t\t<div class=\"elementor-widget-wrap elementor-element-populated\">\n\t\t\t\t\t\t<div class=\"elementor-element elementor-element-2ee13d9a elementor-widget elementor-widget-heading\" data-id=\"2ee13d9a\" data-element_type=\"widget\" data-e-type=\"widget\" data-widget_type=\"heading.default\">\n\t\t\t\t<div class=\"elementor-widget-container\">\n\t\t\t\t\t<h6 class=\"elementor-heading-title elementor-size-default\">Kontakt<\/h6>\t\t\t\t<\/div>\n\t\t\t\t<\/div>\n\t\t\t\t<div class=\"elementor-element elementor-element-7c2aebca elementor-widget elementor-widget-heading\" data-id=\"7c2aebca\" data-element_type=\"widget\" data-e-type=\"widget\" data-widget_type=\"heading.default\">\n\t\t\t\t<div class=\"elementor-widget-container\">\n\t\t\t\t\t<h6 class=\"elementor-heading-title elementor-size-default\">+49 152 346 14598<\/h6>\t\t\t\t<\/div>\n\t\t\t\t<\/div>\n\t\t\t\t<div class=\"elementor-element elementor-element-6c9072fe elementor-widget elementor-widget-heading\" data-id=\"6c9072fe\" data-element_type=\"widget\" data-e-type=\"widget\" data-widget_type=\"heading.default\">\n\t\t\t\t<div class=\"elementor-widget-container\">\n\t\t\t\t\t<h3 class=\"elementor-heading-title elementor-size-default\">Hans-Matthies-Stra\u00dfe 9,58513 L\u00fcdenscheid<\/h3>\t\t\t\t<\/div>\n\t\t\t\t<\/div>\n\t\t\t\t<div class=\"elementor-element elementor-element-77021e8b elementor-widget elementor-widget-google_maps\" data-id=\"77021e8b\" data-element_type=\"widget\" data-e-type=\"widget\" data-widget_type=\"google_maps.default\">\n\t\t\t\t<div class=\"elementor-widget-container\">\n\t\t\t\t\t\t\t<div class=\"elementor-custom-embed\">\n\t\t\t<iframe loading=\"lazy\"\n\t\t\t\t\tsrc=\"https:\/\/maps.google.com\/maps?q=Krissi%20Bencker%20Wedding%20Planning&#038;t=m&#038;z=13&#038;output=embed&#038;iwloc=near\"\n\t\t\t\t\ttitle=\"Krissi Bencker Wedding Planning\"\n\t\t\t\t\taria-label=\"Krissi Bencker Wedding Planning\"\n\t\t\t><\/iframe>\n\t\t<\/div>\n\t\t\t\t\t\t<\/div>\n\t\t\t\t<\/div>\n\t\t\t\t<div class=\"elementor-element elementor-element-46098a83 elementor-shape-rounded elementor-grid-0 e-grid-align-center elementor-widget elementor-widget-social-icons\" data-id=\"46098a83\" data-element_type=\"widget\" data-e-type=\"widget\" data-widget_type=\"social-icons.default\">\n\t\t\t\t<div class=\"elementor-widget-container\">\n\t\t\t\t\t\t\t<div class=\"elementor-social-icons-wrapper elementor-grid\" role=\"list\">\n\t\t\t\t\t\t\t<span class=\"elementor-grid-item\" role=\"listitem\">\n\t\t\t\t\t<a class=\"elementor-icon elementor-social-icon elementor-social-icon-facebook elementor-animation-grow elementor-repeater-item-9c86cde\" target=\"_blank\">\n\t\t\t\t\t\t<span class=\"elementor-screen-only\">Facebook<\/span>\n\t\t\t\t\t\t\t\t\t\t\t\t\t<i class=\"fa fa-facebook\" aria-hidden=\"true\"><\/i>\n\t\t\t\t\t\t\t\t\t\t\t<\/a>\n\t\t\t\t<\/span>\n\t\t\t\t\t\t\t<span class=\"elementor-grid-item\" role=\"listitem\">\n\t\t\t\t\t<a class=\"elementor-icon elementor-social-icon elementor-social-icon-twitter elementor-animation-grow elementor-repeater-item-7f0e5c7\" target=\"_blank\">\n\t\t\t\t\t\t<span class=\"elementor-screen-only\">Twitter<\/span>\n\t\t\t\t\t\t\t\t\t\t\t\t\t<i class=\"fa fa-twitter\" aria-hidden=\"true\"><\/i>\n\t\t\t\t\t\t\t\t\t\t\t<\/a>\n\t\t\t\t<\/span>\n\t\t\t\t\t\t\t<span class=\"elementor-grid-item\" role=\"listitem\">\n\t\t\t\t\t<a class=\"elementor-icon elementor-social-icon elementor-social-icon-google-plus elementor-animation-grow elementor-repeater-item-7e1d56b\" target=\"_blank\">\n\t\t\t\t\t\t<span class=\"elementor-screen-only\">Google-plus<\/span>\n\t\t\t\t\t\t\t\t\t\t\t\t\t<i class=\"fa fa-google-plus\" aria-hidden=\"true\"><\/i>\n\t\t\t\t\t\t\t\t\t\t\t<\/a>\n\t\t\t\t<\/span>\n\t\t\t\t\t\t\t<span class=\"elementor-grid-item\" role=\"listitem\">\n\t\t\t\t\t<a class=\"elementor-icon elementor-social-icon elementor-social-icon-instagram elementor-animation-grow elementor-repeater-item-7b9d1bc\" target=\"_blank\">\n\t\t\t\t\t\t<span class=\"elementor-screen-only\">Instagram<\/span>\n\t\t\t\t\t\t\t\t\t\t\t\t\t<i class=\"fa fa-instagram\" aria-hidden=\"true\"><\/i>\n\t\t\t\t\t\t\t\t\t\t\t<\/a>\n\t\t\t\t<\/span>\n\t\t\t\t\t\t\t<span class=\"elementor-grid-item\" role=\"listitem\">\n\t\t\t\t\t<a class=\"elementor-icon elementor-social-icon elementor-social-icon-youtube elementor-animation-grow elementor-repeater-item-1cfae18\" target=\"_blank\">\n\t\t\t\t\t\t<span class=\"elementor-screen-only\">Youtube<\/span>\n\t\t\t\t\t\t\t\t\t\t\t\t\t<i class=\"fa fa-youtube\" aria-hidden=\"true\"><\/i>\n\t\t\t\t\t\t\t\t\t\t\t<\/a>\n\t\t\t\t<\/span>\n\t\t\t\t\t\t\t<span class=\"elementor-grid-item\" role=\"listitem\">\n\t\t\t\t\t<a class=\"elementor-icon elementor-social-icon elementor-social-icon-pinterest elementor-animation-grow elementor-repeater-item-6b9a598\" target=\"_blank\">\n\t\t\t\t\t\t<span class=\"elementor-screen-only\">Pinterest<\/span>\n\t\t\t\t\t\t\t\t\t\t\t\t\t<i class=\"fa fa-pinterest\" aria-hidden=\"true\"><\/i>\n\t\t\t\t\t\t\t\t\t\t\t<\/a>\n\t\t\t\t<\/span>\n\t\t\t\t\t<\/div>\n\t\t\t\t\t\t<\/div>\n\t\t\t\t<\/div>\n\t\t\t\t\t<\/div>\n\t\t<\/div>\n\t\t\t\t\t<\/div>\n\t\t<\/section>\n\t\t\t\t<\/div>\n\t\t","protected":false},"excerpt":{"rendered":"<p>Beratungsgespr\u00e4ch vereinbaren \u00a0 Als Hochzeitsplanerin bin ich darauf spezialisiert, die Visionen und W\u00fcnsche meiner Kunden zu verwirklichen. Egal, ob du bereits klare Vorstellungen hast oder noch Inspiration ben\u00f6tigst, ich werde auf deine individuellen Bed\u00fcrfnisse eingehen und eine ma\u00dfgeschneiderte Planung f\u00fcr dich erstellen. Du kannst mich telefonisch, per E-Mail oder \u00fcber das Kontaktformular erreichen. W\u00e4hrend unseres [&hellip;]<\/p>\n","protected":false},"author":1,"featured_media":0,"parent":0,"menu_order":0,"comment_status":"closed","ping_status":"closed","template":"elementor_header_footer","meta":{"_acf_changed":false,"inline_featured_image":false,"footnotes":""},"class_list":["post-82","page","type-page","status-publish","hentry"],"acf":[],"_links":{"self":[{"href":"https:\/\/krissi-bencker.com\/en\/wp-json\/wp\/v2\/pages\/82","targetHints":{"allow":["GET"]}}],"collection":[{"href":"https:\/\/krissi-bencker.com\/en\/wp-json\/wp\/v2\/pages"}],"about":[{"href":"https:\/\/krissi-bencker.com\/en\/wp-json\/wp\/v2\/types\/page"}],"author":[{"embeddable":true,"href":"https:\/\/krissi-bencker.com\/en\/wp-json\/wp\/v2\/users\/1"}],"replies":[{"embeddable":true,"href":"https:\/\/krissi-bencker.com\/en\/wp-json\/wp\/v2\/comments?post=82"}],"version-history":[{"count":11,"href":"https:\/\/krissi-bencker.com\/en\/wp-json\/wp\/v2\/pages\/82\/revisions"}],"predecessor-version":[{"id":2199,"href":"https:\/\/krissi-bencker.com\/en\/wp-json\/wp\/v2\/pages\/82\/revisions\/2199"}],"wp:attachment":[{"href":"https:\/\/krissi-bencker.com\/en\/wp-json\/wp\/v2\/media?parent=82"}],"curies":[{"name":"wp","href":"https:\/\/api.w.org\/{rel}","templated":true}]}}