{"id":90,"date":"2023-04-17T14:22:58","date_gmt":"2023-04-17T12:22:58","guid":{"rendered":"http:\/\/christian"},"modified":"2023-07-25T14:47:57","modified_gmt":"2023-07-25T12:47:57","slug":"imprint","status":"publish","type":"page","link":"https:\/\/krissi-bencker.com\/en\/impressum\/","title":{"rendered":"Imprint"},"content":{"rendered":"\n<h2 class=\"wp-block-heading\">Angaben gem\u00e4\u00df \u00a7 5 TMG:<\/h2>\n\n\n\n<p><em>Kristina Bencker<\/em><\/p>\n\n\n\n<p><em>Krissi Bencker Wedding Planning<\/em><\/p>\n\n\n\n<p><em>Hochzeitsplanerin<\/em><\/p>\n\n\n\n<p><em>Hans-Matthies-Stra\u00dfe 9<\/em><\/p>\n\n\n\n<p><em>58513 L\u00fcdenscheid<\/em><\/p>\n\n\n\n<p><em>Kontakt<\/em><\/p>\n\n\n\n<p><em>Telefon: [Telefonnummer]<\/em><\/p>\n\n\n\n<p><em>E-Mail: info@krissi-bencker.com<\/em><\/p>\n\n\n\n<p><em>EU-Streitschlichtung<\/em><\/p>\n\n\n\n<p><em>Die Europ\u00e4ische Kommission stellt eine Plattform zur Online-Streitbeilegung (OS) bereit:<\/em><\/p>\n\n\n\n<figure>\nhttps:\/\/ec.europa.eu\/consumers\/odr\/.\n<\/figure>\n\n\n\n<p><em>Unsere E-Mail-Adresse finden Sie oben im Impressum.<\/em><\/p>\n\n\n\n<p><em>Verbraucherstreitbeilegung\/Universalschlichtungsstelle<\/em><\/p>\n\n\n\n<p><em>Wir sind nicht bereit oder verpflichtet, an Streitbeilegungsverfahren vor einer<\/em><\/p>\n\n\n\n<p><em>Verbraucherschlichtungsstelle teilzunehmen.<\/em><\/p>\n\n\n\n<p><em>Quelle:<\/em><\/p>\n\n\n\n<figure>\nhttps:\/\/www.e-recht24.de\n<\/figure>\n","protected":false},"excerpt":{"rendered":"<p>Angaben gem\u00e4\u00df \u00a7 5 TMG: Kristina Bencker Krissi Bencker Wedding Planning Hochzeitsplanerin Hans-Matthies-Stra\u00dfe 9 58513 L\u00fcdenscheid Kontakt Telefon: [Telefonnummer] E-Mail: info@krissi-bencker.com EU-Streitschlichtung Die Europ\u00e4ische Kommission stellt eine Plattform zur Online-Streitbeilegung (OS) bereit: Unsere E-Mail-Adresse finden Sie oben im Impressum. Verbraucherstreitbeilegung\/Universalschlichtungsstelle Wir sind nicht bereit oder verpflichtet, an Streitbeilegungsverfahren vor einer Verbraucherschlichtungsstelle teilzunehmen. Quelle:<\/p>\n","protected":false},"author":1,"featured_media":0,"parent":0,"menu_order":0,"comment_status":"closed","ping_status":"closed","template":"","meta":{"_acf_changed":false,"inline_featured_image":false,"footnotes":""},"class_list":["post-90","page","type-page","status-publish","hentry"],"acf":[],"_links":{"self":[{"href":"https:\/\/krissi-bencker.com\/en\/wp-json\/wp\/v2\/pages\/90","targetHints":{"allow":["GET"]}}],"collection":[{"href":"https:\/\/krissi-bencker.com\/en\/wp-json\/wp\/v2\/pages"}],"about":[{"href":"https:\/\/krissi-bencker.com\/en\/wp-json\/wp\/v2\/types\/page"}],"author":[{"embeddable":true,"href":"https:\/\/krissi-bencker.com\/en\/wp-json\/wp\/v2\/users\/1"}],"replies":[{"embeddable":true,"href":"https:\/\/krissi-bencker.com\/en\/wp-json\/wp\/v2\/comments?post=90"}],"version-history":[{"count":6,"href":"https:\/\/krissi-bencker.com\/en\/wp-json\/wp\/v2\/pages\/90\/revisions"}],"predecessor-version":[{"id":1195,"href":"https:\/\/krissi-bencker.com\/en\/wp-json\/wp\/v2\/pages\/90\/revisions\/1195"}],"wp:attachment":[{"href":"https:\/\/krissi-bencker.com\/en\/wp-json\/wp\/v2\/media?parent=90"}],"curies":[{"name":"wp","href":"https:\/\/api.w.org\/{rel}","templated":true}]}}